{"id":741,"date":"2019-07-17T09:36:30","date_gmt":"2019-07-17T07:36:30","guid":{"rendered":"http:\/\/villa-hammerschmiede.de.w0194110.kasserver.com\/?page_id=741"},"modified":"2025-04-17T16:22:28","modified_gmt":"2025-04-17T14:22:28","slug":"geschichte-der-villa","status":"publish","type":"page","link":"https:\/\/villa-hammerschmiede.de\/en\/geschichte-der-villa\/","title":{"rendered":"History of the villa"},"content":{"rendered":"<div data-elementor-type=\"wp-post\" data-elementor-id=\"741\" class=\"elementor elementor-741\" data-elementor-post-type=\"page\">\n\t\t\t\t\t\t<section class=\"elementor-section elementor-top-section elementor-element elementor-element-b104740 elementor-section-full_width left-text-right-mage toScrollElement elementor-reverse-mobile elementor-section-height-default elementor-section-height-default\" data-id=\"b104740\" data-element_type=\"section\">\n\t\t\t\t\t\t<div class=\"elementor-container elementor-column-gap-default\">\n\t\t\t\t\t<div class=\"elementor-column elementor-col-50 elementor-top-column elementor-element elementor-element-0bf37ce left-of-two-textarea\" data-id=\"0bf37ce\" data-element_type=\"column\">\n\t\t\t<div class=\"elementor-widget-wrap elementor-element-populated\">\n\t\t\t\t\t\t<div class=\"elementor-element elementor-element-754e3fd right-of-two-h3 elementor-widget elementor-widget-heading\" data-id=\"754e3fd\" data-element_type=\"widget\" data-widget_type=\"heading.default\">\n\t\t\t\t<div class=\"elementor-widget-container\">\n\t\t\t\t\t<h3 class=\"elementor-heading-title elementor-size-default\">The emergence of the house<\/h3>\t\t\t\t<\/div>\n\t\t\t\t<\/div>\n\t\t\t\t<div class=\"elementor-element elementor-element-e025d08 right-of-two-text, clar-style elementor-widget elementor-widget-text-editor\" data-id=\"e025d08\" data-element_type=\"widget\" data-widget_type=\"text-editor.default\">\n\t\t\t\t<div class=\"elementor-widget-container\">\n\t\t\t\t\t\t\t\t\t<p>The historical origin of today's Villa Hammerschmiede is closely linked to the history of the hammer mill in S\u00f6llingen. As early as the 18th century, the margrave and later Grand Duke Karl-Friedrich felt it was important \"to promote the prosperity and diligence of his country\" by founding the hammer mill on the border between S\u00f6llingen and Kleinsteinbach.<\/p><p>Weaponsmith Johann Gobl\u00e9e planned the work, which was only put into operation by his widow as a hammer mill. In 1893, the current hotel was built as the director's residence by the owner at the time.<br \/>In 1930, the Gottfried Herte company sold the property to the Baden-based Wolfram Werke from the Krupp AG.<\/p><p>Mit der \u00c4ra Krupp begann die Bl\u00fctezeit des Unternehmens, welche 1973 mit dem Verkauf und der Demontage der Betriebsanlage endete. 1989 erwarb der Unternehmer Norbert Schwalbe dieses Objekt, um sich einen Traum zu erf\u00fcllen, indem er es zu einem besonders liebenswerten Hotel umbaute.<\/p><p>Noch mehr zur Geschichte finden Sie in unserer kleinen B\u00fccherei.<\/p>\t\t\t\t\t\t\t\t<\/div>\n\t\t\t\t<\/div>\n\t\t\t\t\t<\/div>\n\t\t<\/div>\n\t\t\t\t<div class=\"elementor-column elementor-col-50 elementor-top-column elementor-element elementor-element-a2a7fc8 right-of-two-image\" data-id=\"a2a7fc8\" data-element_type=\"column\" data-settings=\"{&quot;background_background&quot;:&quot;classic&quot;}\">\n\t\t\t<div class=\"elementor-widget-wrap elementor-element-populated\">\n\t\t\t\t\t\t\t<\/div>\n\t\t<\/div>\n\t\t\t\t\t<\/div>\n\t\t<\/section>\n\t\t\t\t<section class=\"elementor-section elementor-top-section elementor-element elementor-element-a41674d elementor-section-full_width full-width-promo toScrollElement elementor-section-height-default elementor-section-height-default\" data-id=\"a41674d\" data-element_type=\"section\" data-settings=\"{&quot;background_background&quot;:&quot;classic&quot;}\">\n\t\t\t\t\t\t<div class=\"elementor-container elementor-column-gap-default\">\n\t\t\t\t\t<div class=\"elementor-column elementor-col-100 elementor-top-column elementor-element elementor-element-7c90326 full-width-promo-image\" data-id=\"7c90326\" data-element_type=\"column\">\n\t\t\t<div class=\"elementor-widget-wrap elementor-element-populated\">\n\t\t\t\t\t\t<section class=\"elementor-section elementor-inner-section elementor-element elementor-element-6978705 elementor-section-full_width full-width-promo-content elementor-section-height-default elementor-section-height-default\" data-id=\"6978705\" data-element_type=\"section\">\n\t\t\t\t\t\t<div class=\"elementor-container elementor-column-gap-default\">\n\t\t\t\t\t<div class=\"elementor-column elementor-col-100 elementor-inner-column elementor-element elementor-element-195a1f1 full-width-promo-content-wrapper\" data-id=\"195a1f1\" data-element_type=\"column\" data-settings=\"{&quot;background_background&quot;:&quot;classic&quot;}\">\n\t\t\t<div class=\"elementor-widget-wrap elementor-element-populated\">\n\t\t\t\t\t\t<div class=\"elementor-element elementor-element-732bf99 elementor-widget elementor-widget-heading\" data-id=\"732bf99\" data-element_type=\"widget\" data-widget_type=\"heading.default\">\n\t\t\t\t<div class=\"elementor-widget-container\">\n\t\t\t\t\t<h3 class=\"elementor-heading-title elementor-size-default\">The house today<\/h3>\t\t\t\t<\/div>\n\t\t\t\t<\/div>\n\t\t\t\t<div class=\"elementor-element elementor-element-cc19288 right-of-two-text, clar-style elementor-widget elementor-widget-text-editor\" data-id=\"cc19288\" data-element_type=\"widget\" data-widget_type=\"text-editor.default\">\n\t\t\t\t<div class=\"elementor-widget-container\">\n\t\t\t\t\t\t\t\t\t<div class=\"copy\">Today, the villa is one of the best addresses in Germany.<\/div><div class=\"more\">\u00a0<\/div>\t\t\t\t\t\t\t\t<\/div>\n\t\t\t\t<\/div>\n\t\t\t\t\t<\/div>\n\t\t<\/div>\n\t\t\t\t\t<\/div>\n\t\t<\/section>\n\t\t\t\t\t<\/div>\n\t\t<\/div>\n\t\t\t\t\t<\/div>\n\t\t<\/section>\n\t\t\t\t<\/div>","protected":false},"excerpt":{"rendered":"<p>Die Entstehung des Hauses Der geschichtliche Ursprung der heutigen Villa Hammerschmiede ist eng verbunden mit der Geschichte des Hammerwerks in S\u00f6llingen. Schon im 18. Jahrhundert lag es dem Markgrafen und sp\u00e4teren Gro\u00dfherzog Karl-Friedrich am Herzen, \u201eden Wohlstand und Gewerbeflei\u00df seines Landes zu f\u00f6rdern\u201c, indem er selbst das Hammerwerk an der Grenze der Gemarkung S\u00f6llingen und [&hellip;]<\/p>","protected":false},"author":13,"featured_media":0,"parent":0,"menu_order":0,"comment_status":"closed","ping_status":"closed","template":"","meta":{"site-sidebar-layout":"no-sidebar","site-content-layout":"page-builder","ast-site-content-layout":"","site-content-style":"default","site-sidebar-style":"default","ast-global-header-display":"","ast-banner-title-visibility":"","ast-main-header-display":"","ast-hfb-above-header-display":"","ast-hfb-below-header-display":"","ast-hfb-mobile-header-display":"","site-post-title":"disabled","ast-breadcrumbs-content":"","ast-featured-img":"disabled","footer-sml-layout":"","theme-transparent-header-meta":"default","adv-header-id-meta":"","stick-header-meta":"","header-above-stick-meta":"","header-main-stick-meta":"","header-below-stick-meta":"","astra-migrate-meta-layouts":"default","ast-page-background-enabled":"default","ast-page-background-meta":{"desktop":{"background-color":"var(--ast-global-color-4)","background-image":"","background-repeat":"repeat","background-position":"center center","background-size":"auto","background-attachment":"scroll","background-type":"","background-media":"","overlay-type":"","overlay-color":"","overlay-opacity":"","overlay-gradient":""},"tablet":{"background-color":"","background-image":"","background-repeat":"repeat","background-position":"center center","background-size":"auto","background-attachment":"scroll","background-type":"","background-media":"","overlay-type":"","overlay-color":"","overlay-opacity":"","overlay-gradient":""},"mobile":{"background-color":"","background-image":"","background-repeat":"repeat","background-position":"center center","background-size":"auto","background-attachment":"scroll","background-type":"","background-media":"","overlay-type":"","overlay-color":"","overlay-opacity":"","overlay-gradient":""}},"ast-content-background-meta":{"desktop":{"background-color":"var(--ast-global-color-5)","background-image":"","background-repeat":"repeat","background-position":"center center","background-size":"auto","background-attachment":"scroll","background-type":"","background-media":"","overlay-type":"","overlay-color":"","overlay-opacity":"","overlay-gradient":""},"tablet":{"background-color":"var(--ast-global-color-5)","background-image":"","background-repeat":"repeat","background-position":"center center","background-size":"auto","background-attachment":"scroll","background-type":"","background-media":"","overlay-type":"","overlay-color":"","overlay-opacity":"","overlay-gradient":""},"mobile":{"background-color":"var(--ast-global-color-5)","background-image":"","background-repeat":"repeat","background-position":"center center","background-size":"auto","background-attachment":"scroll","background-type":"","background-media":"","overlay-type":"","overlay-color":"","overlay-opacity":"","overlay-gradient":""}},"footnotes":""},"class_list":["post-741","page","type-page","status-publish","hentry"],"yoast_head":"<!-- This site is optimized with the Yoast SEO plugin v26.8 - https:\/\/yoast.com\/product\/yoast-seo-wordpress\/ -->\n<title>Geschichte der Villa | Hotel Villa Hammerschmiede<\/title>\n<meta name=\"robots\" content=\"index, follow, max-snippet:-1, max-image-preview:large, max-video-preview:-1\" \/>\n<link rel=\"canonical\" href=\"https:\/\/villa-hammerschmiede.de\/en\/geschichte-der-villa\/\" \/>\n<meta property=\"og:locale\" content=\"en_GB\" \/>\n<meta property=\"og:type\" content=\"article\" \/>\n<meta property=\"og:title\" content=\"Geschichte der Villa | Hotel Villa Hammerschmiede\" \/>\n<meta property=\"og:description\" content=\"Die Entstehung des Hauses Der geschichtliche Ursprung der heutigen Villa Hammerschmiede ist eng verbunden mit der Geschichte des Hammerwerks in S\u00f6llingen. Schon im 18. Jahrhundert lag es dem Markgrafen und sp\u00e4teren Gro\u00dfherzog Karl-Friedrich am Herzen, \u201eden Wohlstand und Gewerbeflei\u00df seines Landes zu f\u00f6rdern\u201c, indem er selbst das Hammerwerk an der Grenze der Gemarkung S\u00f6llingen und [&hellip;]\" \/>\n<meta property=\"og:url\" content=\"https:\/\/villa-hammerschmiede.de\/en\/geschichte-der-villa\/\" \/>\n<meta property=\"og:site_name\" content=\"Hotel Villa Hammerschmiede\" \/>\n<meta property=\"article:publisher\" content=\"https:\/\/de-de.facebook.com\/VillaHammerschmiede\" \/>\n<meta property=\"article:modified_time\" content=\"2025-04-17T14:22:28+00:00\" \/>\n<meta name=\"twitter:card\" content=\"summary_large_image\" \/>\n<meta name=\"twitter:label1\" content=\"Estimated reading time\" \/>\n\t<meta name=\"twitter:data1\" content=\"1 minute\" \/>\n<script type=\"application\/ld+json\" class=\"yoast-schema-graph\">{\"@context\":\"https:\/\/schema.org\",\"@graph\":[{\"@type\":\"WebPage\",\"@id\":\"https:\/\/villa-hammerschmiede.de\/geschichte-der-villa\/\",\"url\":\"https:\/\/villa-hammerschmiede.de\/geschichte-der-villa\/\",\"name\":\"Geschichte der Villa | Hotel Villa Hammerschmiede\",\"isPartOf\":{\"@id\":\"https:\/\/villa-hammerschmiede.de\/#website\"},\"datePublished\":\"2019-07-17T07:36:30+00:00\",\"dateModified\":\"2025-04-17T14:22:28+00:00\",\"breadcrumb\":{\"@id\":\"https:\/\/villa-hammerschmiede.de\/geschichte-der-villa\/#breadcrumb\"},\"inLanguage\":\"en-GB\",\"potentialAction\":[{\"@type\":\"ReadAction\",\"target\":[\"https:\/\/villa-hammerschmiede.de\/geschichte-der-villa\/\"]}]},{\"@type\":\"BreadcrumbList\",\"@id\":\"https:\/\/villa-hammerschmiede.de\/geschichte-der-villa\/#breadcrumb\",\"itemListElement\":[{\"@type\":\"ListItem\",\"position\":1,\"name\":\"Startseite\",\"item\":\"https:\/\/villa-hammerschmiede.de\/\"},{\"@type\":\"ListItem\",\"position\":2,\"name\":\"Geschichte der Villa\"}]},{\"@type\":\"WebSite\",\"@id\":\"https:\/\/villa-hammerschmiede.de\/#website\",\"url\":\"https:\/\/villa-hammerschmiede.de\/\",\"name\":\"Villa-Hammerschmiede\",\"description\":\"\",\"potentialAction\":[{\"@type\":\"SearchAction\",\"target\":{\"@type\":\"EntryPoint\",\"urlTemplate\":\"https:\/\/villa-hammerschmiede.de\/?s={search_term_string}\"},\"query-input\":{\"@type\":\"PropertyValueSpecification\",\"valueRequired\":true,\"valueName\":\"search_term_string\"}}],\"inLanguage\":\"en-GB\"}]}<\/script>\n<!-- \/ Yoast SEO plugin. -->","yoast_head_json":{"title":"Geschichte der Villa | Hotel Villa Hammerschmiede","robots":{"index":"index","follow":"follow","max-snippet":"max-snippet:-1","max-image-preview":"max-image-preview:large","max-video-preview":"max-video-preview:-1"},"canonical":"https:\/\/villa-hammerschmiede.de\/en\/geschichte-der-villa\/","og_locale":"en_GB","og_type":"article","og_title":"Geschichte der Villa | Hotel Villa Hammerschmiede","og_description":"Die Entstehung des Hauses Der geschichtliche Ursprung der heutigen Villa Hammerschmiede ist eng verbunden mit der Geschichte des Hammerwerks in S\u00f6llingen. Schon im 18. Jahrhundert lag es dem Markgrafen und sp\u00e4teren Gro\u00dfherzog Karl-Friedrich am Herzen, \u201eden Wohlstand und Gewerbeflei\u00df seines Landes zu f\u00f6rdern\u201c, indem er selbst das Hammerwerk an der Grenze der Gemarkung S\u00f6llingen und [&hellip;]","og_url":"https:\/\/villa-hammerschmiede.de\/en\/geschichte-der-villa\/","og_site_name":"Hotel Villa Hammerschmiede","article_publisher":"https:\/\/de-de.facebook.com\/VillaHammerschmiede","article_modified_time":"2025-04-17T14:22:28+00:00","twitter_card":"summary_large_image","twitter_misc":{"Estimated reading time":"1 minute"},"schema":{"@context":"https:\/\/schema.org","@graph":[{"@type":"WebPage","@id":"https:\/\/villa-hammerschmiede.de\/geschichte-der-villa\/","url":"https:\/\/villa-hammerschmiede.de\/geschichte-der-villa\/","name":"Geschichte der Villa | Hotel Villa Hammerschmiede","isPartOf":{"@id":"https:\/\/villa-hammerschmiede.de\/#website"},"datePublished":"2019-07-17T07:36:30+00:00","dateModified":"2025-04-17T14:22:28+00:00","breadcrumb":{"@id":"https:\/\/villa-hammerschmiede.de\/geschichte-der-villa\/#breadcrumb"},"inLanguage":"en-GB","potentialAction":[{"@type":"ReadAction","target":["https:\/\/villa-hammerschmiede.de\/geschichte-der-villa\/"]}]},{"@type":"BreadcrumbList","@id":"https:\/\/villa-hammerschmiede.de\/geschichte-der-villa\/#breadcrumb","itemListElement":[{"@type":"ListItem","position":1,"name":"Startseite","item":"https:\/\/villa-hammerschmiede.de\/"},{"@type":"ListItem","position":2,"name":"Geschichte der Villa"}]},{"@type":"WebSite","@id":"https:\/\/villa-hammerschmiede.de\/#website","url":"https:\/\/villa-hammerschmiede.de\/","name":"Villa-Hammerschmiede","description":"","potentialAction":[{"@type":"SearchAction","target":{"@type":"EntryPoint","urlTemplate":"https:\/\/villa-hammerschmiede.de\/?s={search_term_string}"},"query-input":{"@type":"PropertyValueSpecification","valueRequired":true,"valueName":"search_term_string"}}],"inLanguage":"en-GB"}]}},"_links":{"self":[{"href":"https:\/\/villa-hammerschmiede.de\/en\/wp-json\/wp\/v2\/pages\/741","targetHints":{"allow":["GET"]}}],"collection":[{"href":"https:\/\/villa-hammerschmiede.de\/en\/wp-json\/wp\/v2\/pages"}],"about":[{"href":"https:\/\/villa-hammerschmiede.de\/en\/wp-json\/wp\/v2\/types\/page"}],"author":[{"embeddable":true,"href":"https:\/\/villa-hammerschmiede.de\/en\/wp-json\/wp\/v2\/users\/13"}],"replies":[{"embeddable":true,"href":"https:\/\/villa-hammerschmiede.de\/en\/wp-json\/wp\/v2\/comments?post=741"}],"version-history":[{"count":19,"href":"https:\/\/villa-hammerschmiede.de\/en\/wp-json\/wp\/v2\/pages\/741\/revisions"}],"predecessor-version":[{"id":4788,"href":"https:\/\/villa-hammerschmiede.de\/en\/wp-json\/wp\/v2\/pages\/741\/revisions\/4788"}],"wp:attachment":[{"href":"https:\/\/villa-hammerschmiede.de\/en\/wp-json\/wp\/v2\/media?parent=741"}],"curies":[{"name":"wp","href":"https:\/\/api.w.org\/{rel}","templated":true}]}}