{"id":722,"date":"2019-07-16T15:10:01","date_gmt":"2019-07-16T13:10:01","guid":{"rendered":"http:\/\/villa-hammerschmiede.de.w0194110.kasserver.com\/?page_id=722"},"modified":"2024-12-04T14:38:41","modified_gmt":"2024-12-04T13:38:41","slug":"das-hotel","status":"publish","type":"page","link":"https:\/\/villa-hammerschmiede.de\/en\/das-hotel\/","title":{"rendered":"Hotel"},"content":{"rendered":"<div data-elementor-type=\"wp-post\" data-elementor-id=\"722\" class=\"elementor elementor-722\" data-elementor-post-type=\"page\">\n\t\t\t\t\t\t<section class=\"elementor-section elementor-top-section elementor-element elementor-element-614a336 elementor-section-full_width left-text-right-mage toScrollElement noSmoothScroll elementor-reverse-mobile elementor-section-height-default elementor-section-height-default\" data-id=\"614a336\" data-element_type=\"section\">\n\t\t\t\t\t\t<div class=\"elementor-container elementor-column-gap-default\">\n\t\t\t\t\t<div class=\"elementor-column elementor-col-50 elementor-top-column elementor-element elementor-element-330057c left-of-two-textarea\" data-id=\"330057c\" data-element_type=\"column\">\n\t\t\t<div class=\"elementor-widget-wrap elementor-element-populated\">\n\t\t\t\t\t\t<div class=\"elementor-element elementor-element-79f0f5f right-of-two-h3 elementor-widget elementor-widget-heading\" data-id=\"79f0f5f\" data-element_type=\"widget\" data-widget_type=\"heading.default\">\n\t\t\t\t<div class=\"elementor-widget-container\">\n\t\t\t\t\t<h3 class=\"elementor-heading-title elementor-size-default\">\t\nA dream that came true<\/h3>\t\t\t\t<\/div>\n\t\t\t\t<\/div>\n\t\t\t\t<div class=\"elementor-element elementor-element-6974163 right-of-two-text, clar-style elementor-widget elementor-widget-text-editor\" data-id=\"6974163\" data-element_type=\"widget\" data-widget_type=\"text-editor.default\">\n\t\t\t\t<div class=\"elementor-widget-container\">\n\t\t\t\t\t\t\t\t\t<p>A dream was the starting point for Norbert Schwalbe when he bought the old villa. The family wanted to be the host, with employees who enjoyed their job.<\/p><p>Ein gro\u00dfz\u00fcgiges Villengeb\u00e4ude aus dem Jahr 1893 war der bauliche Ausgangspunkt. Au\u00dfen behutsam restauriert, innen ganz neue, stilvoll renovierte R\u00e4ume. Das Wissen um die M\u00f6glichkeiten der Gastronomie wurde hier optimal kombiniert und hat ein rundum \u00fcberzeugendes Ergebnis hervorgebracht.\u00a0<\/p><p>Die Villa bietet mit 24 Zimmern und 5 ausgesprochen exklusiven Suiten mit 57 Betten die perfekte Gem\u00fctlichkeit.<\/p>\t\t\t\t\t\t\t\t<\/div>\n\t\t\t\t<\/div>\n\t\t\t\t\t<\/div>\n\t\t<\/div>\n\t\t\t\t<div class=\"elementor-column elementor-col-50 elementor-top-column elementor-element elementor-element-5b6c8dd right-of-two-image\" data-id=\"5b6c8dd\" data-element_type=\"column\" data-settings=\"{&quot;background_background&quot;:&quot;classic&quot;}\">\n\t\t\t<div class=\"elementor-widget-wrap elementor-element-populated\">\n\t\t\t\t\t\t\t<\/div>\n\t\t<\/div>\n\t\t\t\t\t<\/div>\n\t\t<\/section>\n\t\t\t\t<section class=\"elementor-section elementor-top-section elementor-element elementor-element-ffd34d2 elementor-section-full_width left-image-right-text toScrollElement elementor-section-height-default elementor-section-height-default\" data-id=\"ffd34d2\" data-element_type=\"section\">\n\t\t\t\t\t\t<div class=\"elementor-container elementor-column-gap-default\">\n\t\t\t\t\t<div class=\"elementor-column elementor-col-50 elementor-top-column elementor-element elementor-element-0a66e4c left-of-two-image\" data-id=\"0a66e4c\" data-element_type=\"column\" data-settings=\"{&quot;background_background&quot;:&quot;classic&quot;}\">\n\t\t\t<div class=\"elementor-widget-wrap elementor-element-populated\">\n\t\t\t\t\t\t\t<\/div>\n\t\t<\/div>\n\t\t\t\t<div class=\"elementor-column elementor-col-50 elementor-top-column elementor-element elementor-element-3589906 clar-style\" data-id=\"3589906\" data-element_type=\"column\">\n\t\t\t<div class=\"elementor-widget-wrap elementor-element-populated\">\n\t\t\t\t\t\t<div class=\"elementor-element elementor-element-70f2a57 right-of-two-h3 elementor-widget elementor-widget-heading\" data-id=\"70f2a57\" data-element_type=\"widget\" data-widget_type=\"heading.default\">\n\t\t\t\t<div class=\"elementor-widget-container\">\n\t\t\t\t\t<h3 class=\"elementor-heading-title elementor-size-default\">Cosiness<\/h3>\t\t\t\t<\/div>\n\t\t\t\t<\/div>\n\t\t\t\t<div class=\"elementor-element elementor-element-67da260 right-of-two-text, clar-style elementor-widget elementor-widget-text-editor\" data-id=\"67da260\" data-element_type=\"widget\" data-widget_type=\"text-editor.default\">\n\t\t\t\t<div class=\"elementor-widget-container\">\n\t\t\t\t\t\t\t\t\t<p>A music and fireplace room and a library invite you to linger. It goes without saying that spacious conference rooms with the latest conference technology are also available. Two small extra rooms can also be used for work groups.<\/p><p>The physical well-being of our guests is very important to us.<\/p><p>An unusually shaped swimming pool with a counter-current system as well as a sauna, steam bath and whirlpool offer a wide range of relaxation options.<\/p><p>Der gro\u00dfz\u00fcgige Park l\u00e4dt zum Spazierengehen und Verweilen ein. In solch einer angenehmen Umgebung lassen sich Urlaubstage oder auch Wochenendbesuche hervorragend verbringen.<\/p><p>Conferences and events in a very special atmosphere give your event an unmistakable backdrop.<\/p>\t\t\t\t\t\t\t\t<\/div>\n\t\t\t\t<\/div>\n\t\t\t\t\t<\/div>\n\t\t<\/div>\n\t\t\t\t\t<\/div>\n\t\t<\/section>\n\t\t\t\t<section class=\"elementor-section elementor-top-section elementor-element elementor-element-828f93a elementor-section-full_width left-text-right-mage toScrollElement elementor-reverse-mobile elementor-section-height-default elementor-section-height-default\" data-id=\"828f93a\" data-element_type=\"section\">\n\t\t\t\t\t\t<div class=\"elementor-container elementor-column-gap-default\">\n\t\t\t\t\t<div class=\"elementor-column elementor-col-50 elementor-top-column elementor-element elementor-element-22d3ceb left-of-two-textarea\" data-id=\"22d3ceb\" data-element_type=\"column\">\n\t\t\t<div class=\"elementor-widget-wrap elementor-element-populated\">\n\t\t\t\t\t\t<div class=\"elementor-element elementor-element-91511c4 right-of-two-h3 elementor-widget elementor-widget-heading\" data-id=\"91511c4\" data-element_type=\"widget\" data-widget_type=\"heading.default\">\n\t\t\t\t<div class=\"elementor-widget-container\">\n\t\t\t\t\t<h3 class=\"elementor-heading-title elementor-size-default\">Comfort<\/h3>\t\t\t\t<\/div>\n\t\t\t\t<\/div>\n\t\t\t\t<div class=\"elementor-element elementor-element-102245b right-of-two-text, clar-style elementor-widget elementor-widget-text-editor\" data-id=\"102245b\" data-element_type=\"widget\" data-widget_type=\"text-editor.default\">\n\t\t\t\t<div class=\"elementor-widget-container\">\n\t\t\t\t\t\t\t\t\t<p>A long conference can also become a short vacation. The Villa Hammerschmiede has ample parking space. We are happy to offer our hotel guests the use of the hotel's underground car park. No tedious searching, but starting, getting out and feeling good.<\/p><p>Since June 2015, Michael Gr\u00fcnbacher has been responsible for the entire gastronomy at Villa Hammerschmiede as head chef. <br \/>Neben einem hoch motivierten jungen Team, steht ihm der erfahrene Souschef, Maximilian Dufner, zur Seite. <br \/>This means you can rely on consistent quality every day of the week.<\/p>\t\t\t\t\t\t\t\t<\/div>\n\t\t\t\t<\/div>\n\t\t\t\t\t<\/div>\n\t\t<\/div>\n\t\t\t\t<div class=\"elementor-column elementor-col-50 elementor-top-column elementor-element elementor-element-3516281 right-of-two-image\" data-id=\"3516281\" data-element_type=\"column\" data-settings=\"{&quot;background_background&quot;:&quot;classic&quot;}\">\n\t\t\t<div class=\"elementor-widget-wrap elementor-element-populated\">\n\t\t\t\t\t\t\t<\/div>\n\t\t<\/div>\n\t\t\t\t\t<\/div>\n\t\t<\/section>\n\t\t\t\t<section class=\"elementor-section elementor-top-section elementor-element elementor-element-21dc88e elementor-section-full_width left-image-right-text toScrollElement elementor-section-height-default elementor-section-height-default\" data-id=\"21dc88e\" data-element_type=\"section\">\n\t\t\t\t\t\t<div class=\"elementor-container elementor-column-gap-default\">\n\t\t\t\t\t<div class=\"elementor-column elementor-col-50 elementor-top-column elementor-element elementor-element-d7596b0 left-of-two-image\" data-id=\"d7596b0\" data-element_type=\"column\" data-settings=\"{&quot;background_background&quot;:&quot;classic&quot;}\">\n\t\t\t<div class=\"elementor-widget-wrap elementor-element-populated\">\n\t\t\t\t\t\t\t<\/div>\n\t\t<\/div>\n\t\t\t\t<div class=\"elementor-column elementor-col-50 elementor-top-column elementor-element elementor-element-c24bde2 clar-style\" data-id=\"c24bde2\" data-element_type=\"column\">\n\t\t\t<div class=\"elementor-widget-wrap elementor-element-populated\">\n\t\t\t\t\t\t<div class=\"elementor-element elementor-element-02c2a08 right-of-two-h3 elementor-widget elementor-widget-heading\" data-id=\"02c2a08\" data-element_type=\"widget\" data-widget_type=\"heading.default\">\n\t\t\t\t<div class=\"elementor-widget-container\">\n\t\t\t\t\t<h3 class=\"elementor-heading-title elementor-size-default\">A warm welcome awaits you<\/h3>\t\t\t\t<\/div>\n\t\t\t\t<\/div>\n\t\t\t\t<div class=\"elementor-element elementor-element-5632442 right-of-two-text, clar-style elementor-widget elementor-widget-text-editor\" data-id=\"5632442\" data-element_type=\"widget\" data-widget_type=\"text-editor.default\">\n\t\t\t\t<div class=\"elementor-widget-container\">\n\t\t\t\t\t\t\t\t\t<p>The genuine love of the catering and hotel industry, the passionate commitment of our staff and the dreamlike ambience give the Villa Hammerschmiede a remarkable statement.<\/p><p>We all enjoy being hosts and welcome you to the historic Villa Hammerschmiede.<\/p>\t\t\t\t\t\t\t\t<\/div>\n\t\t\t\t<\/div>\n\t\t\t\t\t<\/div>\n\t\t<\/div>\n\t\t\t\t\t<\/div>\n\t\t<\/section>\n\t\t\t\t<\/div>","protected":false},"excerpt":{"rendered":"<p>Ein Traum, der Wirklichkeit wurde Ein Traum war Ausgangspunkt von Norbert Schwalbe beim Erwerb der alten Villa. Gastgeber wollte die Familie sein, mit Mitarbeitern, die Freude an ihrem Beruf haben. Ein gro\u00dfz\u00fcgiges Villengeb\u00e4ude aus dem Jahr 1893 war der bauliche Ausgangspunkt. Au\u00dfen behutsam restauriert, innen ganz neue, stilvoll renovierte R\u00e4ume. Das Wissen um die M\u00f6glichkeiten [&hellip;]<\/p>","protected":false},"author":13,"featured_media":0,"parent":0,"menu_order":0,"comment_status":"closed","ping_status":"closed","template":"","meta":{"site-sidebar-layout":"no-sidebar","site-content-layout":"page-builder","ast-site-content-layout":"","site-content-style":"default","site-sidebar-style":"default","ast-global-header-display":"","ast-banner-title-visibility":"","ast-main-header-display":"","ast-hfb-above-header-display":"","ast-hfb-below-header-display":"","ast-hfb-mobile-header-display":"","site-post-title":"disabled","ast-breadcrumbs-content":"","ast-featured-img":"disabled","footer-sml-layout":"","theme-transparent-header-meta":"default","adv-header-id-meta":"","stick-header-meta":"","header-above-stick-meta":"","header-main-stick-meta":"","header-below-stick-meta":"","astra-migrate-meta-layouts":"default","ast-page-background-enabled":"default","ast-page-background-meta":{"desktop":{"background-color":"var(--ast-global-color-4)","background-image":"","background-repeat":"repeat","background-position":"center center","background-size":"auto","background-attachment":"scroll","background-type":"","background-media":"","overlay-type":"","overlay-color":"","overlay-opacity":"","overlay-gradient":""},"tablet":{"background-color":"","background-image":"","background-repeat":"repeat","background-position":"center center","background-size":"auto","background-attachment":"scroll","background-type":"","background-media":"","overlay-type":"","overlay-color":"","overlay-opacity":"","overlay-gradient":""},"mobile":{"background-color":"","background-image":"","background-repeat":"repeat","background-position":"center center","background-size":"auto","background-attachment":"scroll","background-type":"","background-media":"","overlay-type":"","overlay-color":"","overlay-opacity":"","overlay-gradient":""}},"ast-content-background-meta":{"desktop":{"background-color":"var(--ast-global-color-5)","background-image":"","background-repeat":"repeat","background-position":"center center","background-size":"auto","background-attachment":"scroll","background-type":"","background-media":"","overlay-type":"","overlay-color":"","overlay-opacity":"","overlay-gradient":""},"tablet":{"background-color":"var(--ast-global-color-5)","background-image":"","background-repeat":"repeat","background-position":"center center","background-size":"auto","background-attachment":"scroll","background-type":"","background-media":"","overlay-type":"","overlay-color":"","overlay-opacity":"","overlay-gradient":""},"mobile":{"background-color":"var(--ast-global-color-5)","background-image":"","background-repeat":"repeat","background-position":"center center","background-size":"auto","background-attachment":"scroll","background-type":"","background-media":"","overlay-type":"","overlay-color":"","overlay-opacity":"","overlay-gradient":""}},"footnotes":""},"class_list":["post-722","page","type-page","status-publish","hentry"],"yoast_head":"<!-- This site is optimized with the Yoast SEO plugin v26.8 - https:\/\/yoast.com\/product\/yoast-seo-wordpress\/ -->\n<title>Hotel | Hotel Villa Hammerschmiede<\/title>\n<meta name=\"robots\" content=\"index, follow, max-snippet:-1, max-image-preview:large, max-video-preview:-1\" \/>\n<link rel=\"canonical\" href=\"https:\/\/villa-hammerschmiede.de\/en\/das-hotel\/\" \/>\n<meta property=\"og:locale\" content=\"en_GB\" \/>\n<meta property=\"og:type\" content=\"article\" \/>\n<meta property=\"og:title\" content=\"Hotel | Hotel Villa Hammerschmiede\" \/>\n<meta property=\"og:description\" content=\"Ein Traum, der Wirklichkeit wurde Ein Traum war Ausgangspunkt von Norbert Schwalbe beim Erwerb der alten Villa. Gastgeber wollte die Familie sein, mit Mitarbeitern, die Freude an ihrem Beruf haben. Ein gro\u00dfz\u00fcgiges Villengeb\u00e4ude aus dem Jahr 1893 war der bauliche Ausgangspunkt. Au\u00dfen behutsam restauriert, innen ganz neue, stilvoll renovierte R\u00e4ume. Das Wissen um die M\u00f6glichkeiten [&hellip;]\" \/>\n<meta property=\"og:url\" content=\"https:\/\/villa-hammerschmiede.de\/en\/das-hotel\/\" \/>\n<meta property=\"og:site_name\" content=\"Hotel Villa Hammerschmiede\" \/>\n<meta property=\"article:publisher\" content=\"https:\/\/de-de.facebook.com\/VillaHammerschmiede\" \/>\n<meta property=\"article:modified_time\" content=\"2024-12-04T13:38:41+00:00\" \/>\n<meta name=\"twitter:card\" content=\"summary_large_image\" \/>\n<meta name=\"twitter:label1\" content=\"Estimated reading time\" \/>\n\t<meta name=\"twitter:data1\" content=\"2 minutes\" \/>\n<script type=\"application\/ld+json\" class=\"yoast-schema-graph\">{\"@context\":\"https:\/\/schema.org\",\"@graph\":[{\"@type\":\"WebPage\",\"@id\":\"https:\/\/villa-hammerschmiede.de\/das-hotel\/\",\"url\":\"https:\/\/villa-hammerschmiede.de\/das-hotel\/\",\"name\":\"Hotel | Hotel Villa Hammerschmiede\",\"isPartOf\":{\"@id\":\"https:\/\/villa-hammerschmiede.de\/#website\"},\"datePublished\":\"2019-07-16T13:10:01+00:00\",\"dateModified\":\"2024-12-04T13:38:41+00:00\",\"breadcrumb\":{\"@id\":\"https:\/\/villa-hammerschmiede.de\/das-hotel\/#breadcrumb\"},\"inLanguage\":\"en-GB\",\"potentialAction\":[{\"@type\":\"ReadAction\",\"target\":[\"https:\/\/villa-hammerschmiede.de\/das-hotel\/\"]}]},{\"@type\":\"BreadcrumbList\",\"@id\":\"https:\/\/villa-hammerschmiede.de\/das-hotel\/#breadcrumb\",\"itemListElement\":[{\"@type\":\"ListItem\",\"position\":1,\"name\":\"Startseite\",\"item\":\"https:\/\/villa-hammerschmiede.de\/\"},{\"@type\":\"ListItem\",\"position\":2,\"name\":\"Hotel\"}]},{\"@type\":\"WebSite\",\"@id\":\"https:\/\/villa-hammerschmiede.de\/#website\",\"url\":\"https:\/\/villa-hammerschmiede.de\/\",\"name\":\"Villa-Hammerschmiede\",\"description\":\"\",\"potentialAction\":[{\"@type\":\"SearchAction\",\"target\":{\"@type\":\"EntryPoint\",\"urlTemplate\":\"https:\/\/villa-hammerschmiede.de\/?s={search_term_string}\"},\"query-input\":{\"@type\":\"PropertyValueSpecification\",\"valueRequired\":true,\"valueName\":\"search_term_string\"}}],\"inLanguage\":\"en-GB\"}]}<\/script>\n<!-- \/ Yoast SEO plugin. -->","yoast_head_json":{"title":"Hotel | Hotel Villa Hammerschmiede","robots":{"index":"index","follow":"follow","max-snippet":"max-snippet:-1","max-image-preview":"max-image-preview:large","max-video-preview":"max-video-preview:-1"},"canonical":"https:\/\/villa-hammerschmiede.de\/en\/das-hotel\/","og_locale":"en_GB","og_type":"article","og_title":"Hotel | Hotel Villa Hammerschmiede","og_description":"Ein Traum, der Wirklichkeit wurde Ein Traum war Ausgangspunkt von Norbert Schwalbe beim Erwerb der alten Villa. Gastgeber wollte die Familie sein, mit Mitarbeitern, die Freude an ihrem Beruf haben. Ein gro\u00dfz\u00fcgiges Villengeb\u00e4ude aus dem Jahr 1893 war der bauliche Ausgangspunkt. Au\u00dfen behutsam restauriert, innen ganz neue, stilvoll renovierte R\u00e4ume. Das Wissen um die M\u00f6glichkeiten [&hellip;]","og_url":"https:\/\/villa-hammerschmiede.de\/en\/das-hotel\/","og_site_name":"Hotel Villa Hammerschmiede","article_publisher":"https:\/\/de-de.facebook.com\/VillaHammerschmiede","article_modified_time":"2024-12-04T13:38:41+00:00","twitter_card":"summary_large_image","twitter_misc":{"Estimated reading time":"2 minutes"},"schema":{"@context":"https:\/\/schema.org","@graph":[{"@type":"WebPage","@id":"https:\/\/villa-hammerschmiede.de\/das-hotel\/","url":"https:\/\/villa-hammerschmiede.de\/das-hotel\/","name":"Hotel | Hotel Villa Hammerschmiede","isPartOf":{"@id":"https:\/\/villa-hammerschmiede.de\/#website"},"datePublished":"2019-07-16T13:10:01+00:00","dateModified":"2024-12-04T13:38:41+00:00","breadcrumb":{"@id":"https:\/\/villa-hammerschmiede.de\/das-hotel\/#breadcrumb"},"inLanguage":"en-GB","potentialAction":[{"@type":"ReadAction","target":["https:\/\/villa-hammerschmiede.de\/das-hotel\/"]}]},{"@type":"BreadcrumbList","@id":"https:\/\/villa-hammerschmiede.de\/das-hotel\/#breadcrumb","itemListElement":[{"@type":"ListItem","position":1,"name":"Startseite","item":"https:\/\/villa-hammerschmiede.de\/"},{"@type":"ListItem","position":2,"name":"Hotel"}]},{"@type":"WebSite","@id":"https:\/\/villa-hammerschmiede.de\/#website","url":"https:\/\/villa-hammerschmiede.de\/","name":"Villa-Hammerschmiede","description":"","potentialAction":[{"@type":"SearchAction","target":{"@type":"EntryPoint","urlTemplate":"https:\/\/villa-hammerschmiede.de\/?s={search_term_string}"},"query-input":{"@type":"PropertyValueSpecification","valueRequired":true,"valueName":"search_term_string"}}],"inLanguage":"en-GB"}]}},"_links":{"self":[{"href":"https:\/\/villa-hammerschmiede.de\/en\/wp-json\/wp\/v2\/pages\/722","targetHints":{"allow":["GET"]}}],"collection":[{"href":"https:\/\/villa-hammerschmiede.de\/en\/wp-json\/wp\/v2\/pages"}],"about":[{"href":"https:\/\/villa-hammerschmiede.de\/en\/wp-json\/wp\/v2\/types\/page"}],"author":[{"embeddable":true,"href":"https:\/\/villa-hammerschmiede.de\/en\/wp-json\/wp\/v2\/users\/13"}],"replies":[{"embeddable":true,"href":"https:\/\/villa-hammerschmiede.de\/en\/wp-json\/wp\/v2\/comments?post=722"}],"version-history":[{"count":29,"href":"https:\/\/villa-hammerschmiede.de\/en\/wp-json\/wp\/v2\/pages\/722\/revisions"}],"predecessor-version":[{"id":4544,"href":"https:\/\/villa-hammerschmiede.de\/en\/wp-json\/wp\/v2\/pages\/722\/revisions\/4544"}],"wp:attachment":[{"href":"https:\/\/villa-hammerschmiede.de\/en\/wp-json\/wp\/v2\/media?parent=722"}],"curies":[{"name":"wp","href":"https:\/\/api.w.org\/{rel}","templated":true}]}}