{"id":3616,"date":"2023-02-01T13:18:07","date_gmt":"2023-02-01T12:18:07","guid":{"rendered":"https:\/\/villa-hammerschmiede.de\/?page_id=3616"},"modified":"2026-02-10T12:15:43","modified_gmt":"2026-02-10T11:15:43","slug":"yoga","status":"publish","type":"page","link":"https:\/\/villa-hammerschmiede.de\/en\/yoga\/","title":{"rendered":"Yoga-Kurs"},"content":{"rendered":"<div data-elementor-type=\"wp-page\" data-elementor-id=\"3616\" class=\"elementor elementor-3616\" data-elementor-post-type=\"page\">\n\t\t\t\t\t\t<section class=\"elementor-section elementor-top-section elementor-element elementor-element-b126b45 elementor-section-full_width noSmoothScroll elementor-section-height-default elementor-section-height-default\" data-id=\"b126b45\" data-element_type=\"section\">\n\t\t\t\t\t\t<div class=\"elementor-container elementor-column-gap-default\">\n\t\t\t\t\t<div class=\"elementor-column elementor-col-100 elementor-top-column elementor-element elementor-element-d9e13d5\" data-id=\"d9e13d5\" data-element_type=\"column\">\n\t\t\t<div class=\"elementor-widget-wrap elementor-element-populated\">\n\t\t\t\t\t\t<div class=\"elementor-element elementor-element-7dde6c2 elementor-widget elementor-widget-heading\" data-id=\"7dde6c2\" data-element_type=\"widget\" data-widget_type=\"heading.default\">\n\t\t\t\t<div class=\"elementor-widget-container\">\n\t\t\t\t\t<h1 class=\"elementor-heading-title elementor-size-default\">Ruhe, Auszeit f\u00fcr sich selbst, Achtsam sein - Yoga<\/h1>\t\t\t\t<\/div>\n\t\t\t\t<\/div>\n\t\t\t\t<div class=\"elementor-element elementor-element-d7aabe7 right-of-two-text, clar-style elementor-widget elementor-widget-text-editor\" data-id=\"d7aabe7\" data-element_type=\"widget\" data-widget_type=\"text-editor.default\">\n\t\t\t\t<div class=\"elementor-widget-container\">\n\t\t\t\t\t\t\t\t\t<p>In jedem Menschen ist die Sonne, man muss sie nur zum Leuchten bringen. -Sokrates<\/p>\t\t\t\t\t\t\t\t<\/div>\n\t\t\t\t<\/div>\n\t\t\t\t\t<\/div>\n\t\t<\/div>\n\t\t\t\t\t<\/div>\n\t\t<\/section>\n\t\t\t\t<section class=\"elementor-section elementor-top-section elementor-element elementor-element-3414cbb elementor-section-boxed elementor-section-height-default elementor-section-height-default\" data-id=\"3414cbb\" data-element_type=\"section\">\n\t\t\t\t\t\t<div class=\"elementor-container elementor-column-gap-default\">\n\t\t\t\t\t<div class=\"elementor-column elementor-col-50 elementor-top-column elementor-element elementor-element-7e84cac\" data-id=\"7e84cac\" data-element_type=\"column\">\n\t\t\t<div class=\"elementor-widget-wrap elementor-element-populated\">\n\t\t\t\t\t\t<div class=\"elementor-element elementor-element-ef54de9 elementor-widget elementor-widget-heading\" data-id=\"ef54de9\" data-element_type=\"widget\" data-widget_type=\"heading.default\">\n\t\t\t\t<div class=\"elementor-widget-container\">\n\t\t\t\t\t<h2 class=\"elementor-heading-title elementor-size-default\">Zeit in der Natur<\/h2>\t\t\t\t<\/div>\n\t\t\t\t<\/div>\n\t\t\t\t<div class=\"elementor-element elementor-element-1b2daea right-of-two-text, clar-style elementor-widget elementor-widget-text-editor\" data-id=\"1b2daea\" data-element_type=\"widget\" data-widget_type=\"text-editor.default\">\n\t\t\t\t<div class=\"elementor-widget-container\">\n\t\t\t\t\t\t\t\t\t<p>Alles kann, nichts muss.<br \/>Tauchen Sie ein, in eine Zeit der Stille und Achtsamkeit.<\/p><p>1 Tag, 2 Tage oder 3 Tage in der Woche <strong>von Donnerstag, den 05. M\u00e4rz bis Sonntag, den 08. M\u00e4rz 2026 sowie Donnerstag, den 19. November bis Sonntag, den 22. November 2026. <\/strong>(Anreise auch Mittwoch m\u00f6glich)<\/p><p>Sokrates sagt: \u201eIn jedem Menschen ist die Sonne, man muss sie nur zum Leuchten bringen\u201c. Wie k\u00f6nnen wir diese Sonne zum Leuchten bringen? Ein koreanischer Zen-Meister, den ich k\u00fcrzlich h\u00f6rte, w\u00fcrde sagen: \u201eIch wei\u00df es nicht\u201c. Nichtwissen war seine Methode.<\/p><p>Auch bei unseren Workshops wollen wir versuchen, nicht zu wissen. Wir wollen unseren Geist leeren, anstatt ihn mit neuen Gedanken zu f\u00fcllen. Eine Methode, um unser Nichtwissen zu kultivieren, ist Yin Yoga, eine andere Methode ist die Zen Meditation.<\/p><p>Beim Yin Yoga \u00fcben wir keinen Druck auf unseren K\u00f6rper aus. Wir entspannen unseren K\u00f6rper und gehen in leichte und sanfte Dehnung.<\/p><p>Beim Zazen gehen wir in die bewusste Stille der Meditation und konzentrieren uns auf eine einfache, alt hergebrachte Methode, zur Kl\u00e4rung des Geistes.<\/p>\t\t\t\t\t\t\t\t<\/div>\n\t\t\t\t<\/div>\n\t\t\t\t\t<\/div>\n\t\t<\/div>\n\t\t\t\t<div class=\"elementor-column elementor-col-50 elementor-top-column elementor-element elementor-element-c303bb1\" data-id=\"c303bb1\" data-element_type=\"column\" data-settings=\"{&quot;background_background&quot;:&quot;classic&quot;}\">\n\t\t\t<div class=\"elementor-widget-wrap elementor-element-populated\">\n\t\t\t\t\t\t<div class=\"elementor-element elementor-element-0d62168 elementor-widget elementor-widget-spacer\" data-id=\"0d62168\" data-element_type=\"widget\" data-widget_type=\"spacer.default\">\n\t\t\t\t<div class=\"elementor-widget-container\">\n\t\t\t\t\t\t\t<div class=\"elementor-spacer\">\n\t\t\t<div class=\"elementor-spacer-inner\"><\/div>\n\t\t<\/div>\n\t\t\t\t\t\t<\/div>\n\t\t\t\t<\/div>\n\t\t\t\t\t<\/div>\n\t\t<\/div>\n\t\t\t\t\t<\/div>\n\t\t<\/section>\n\t\t\t\t<section class=\"elementor-section elementor-top-section elementor-element elementor-element-3c0993d elementor-section-boxed elementor-section-height-default elementor-section-height-default\" data-id=\"3c0993d\" data-element_type=\"section\">\n\t\t\t\t\t\t<div class=\"elementor-container elementor-column-gap-default\">\n\t\t\t\t\t<div class=\"elementor-column elementor-col-100 elementor-top-column elementor-element elementor-element-18c2cea\" data-id=\"18c2cea\" data-element_type=\"column\">\n\t\t\t<div class=\"elementor-widget-wrap elementor-element-populated\">\n\t\t\t\t\t\t<div class=\"elementor-element elementor-element-a3bd12a elementor-widget elementor-widget-heading\" data-id=\"a3bd12a\" data-element_type=\"widget\" data-widget_type=\"heading.default\">\n\t\t\t\t<div class=\"elementor-widget-container\">\n\t\t\t\t\t<h2 class=\"elementor-heading-title elementor-size-default\">Arrangement<\/h2>\t\t\t\t<\/div>\n\t\t\t\t<\/div>\n\t\t\t\t<div class=\"elementor-element elementor-element-dbb407f right-of-two-text, clar-style elementor-widget elementor-widget-text-editor\" data-id=\"dbb407f\" data-element_type=\"widget\" data-widget_type=\"text-editor.default\">\n\t\t\t\t<div class=\"elementor-widget-container\">\n\t\t\t\t\t\t\t\t\t<ul><li>\u00dcbernachtung in einem unserer Doppelzimmer<\/li><li>Verl\u00e4ngertes Reichhaltiges Fr\u00fchst\u00fccksbuffet bis 10.30 Uhr<\/li><li>pro \u00dcbernachtung zwei Yoga Lektionen inbegriffen um 16.45 Uhr bis 18.00 Uhr und 8.00 Uhr bis 9.15 Uhr inklusive Yogamatten und Wasser<\/li><li>leichtes 3 g\u00e4ngiges Abendessen<\/li><li>Freier Eintritt ins Felsenbad<\/li><li>Benutzung der hoteleigenen Fahrr\u00e4der<\/li><\/ul><p>Eine \u00dcbernachtung: 195,00 pro Person<br \/>Zwei \u00dcbernachtungen: 280,00 pro Person<br \/>Drei \u00dcbernachtungen: 460,00 pro Person<br \/>Zus\u00e4tzlich eine Yogaeinheit am Sonntagmorgen<\/p><p>Aufpreis Einzelzimmer: 40,00 \u20ac\/Tag<\/p><p>Die Yoga-Lektionen sind auf Anfrage auch ohne \u00dcbernachtung buchbar, wobei \u00dcbernachtungsg\u00e4ste Vorrang geniessen.<\/p>\t\t\t\t\t\t\t\t<\/div>\n\t\t\t\t<\/div>\n\t\t\t\t\t<\/div>\n\t\t<\/div>\n\t\t\t\t\t<\/div>\n\t\t<\/section>\n\t\t\t\t<section class=\"elementor-section elementor-top-section elementor-element elementor-element-7335a5a elementor-section-boxed elementor-section-height-default elementor-section-height-default\" data-id=\"7335a5a\" data-element_type=\"section\">\n\t\t\t\t\t\t<div class=\"elementor-container elementor-column-gap-default\">\n\t\t\t\t\t<div class=\"elementor-column elementor-col-50 elementor-top-column elementor-element elementor-element-63c5a77\" data-id=\"63c5a77\" data-element_type=\"column\" data-settings=\"{&quot;background_background&quot;:&quot;classic&quot;}\">\n\t\t\t<div class=\"elementor-widget-wrap elementor-element-populated\">\n\t\t\t\t\t\t<div class=\"elementor-element elementor-element-f07bc7d elementor-widget elementor-widget-spacer\" data-id=\"f07bc7d\" data-element_type=\"widget\" data-widget_type=\"spacer.default\">\n\t\t\t\t<div class=\"elementor-widget-container\">\n\t\t\t\t\t\t\t<div class=\"elementor-spacer\">\n\t\t\t<div class=\"elementor-spacer-inner\"><\/div>\n\t\t<\/div>\n\t\t\t\t\t\t<\/div>\n\t\t\t\t<\/div>\n\t\t\t\t\t<\/div>\n\t\t<\/div>\n\t\t\t\t<div class=\"elementor-column elementor-col-50 elementor-top-column elementor-element elementor-element-aefba72\" data-id=\"aefba72\" data-element_type=\"column\">\n\t\t\t<div class=\"elementor-widget-wrap elementor-element-populated\">\n\t\t\t\t\t\t<div class=\"elementor-element elementor-element-594661f elementor-widget elementor-widget-heading\" data-id=\"594661f\" data-element_type=\"widget\" data-widget_type=\"heading.default\">\n\t\t\t\t<div class=\"elementor-widget-container\">\n\t\t\t\t\t<h2 class=\"elementor-heading-title elementor-size-default\">\u00dcber den Yoga-Lehrer<\/h2>\t\t\t\t<\/div>\n\t\t\t\t<\/div>\n\t\t\t\t<div class=\"elementor-element elementor-element-714c0d5 right-of-two-text, clar-style elementor-widget elementor-widget-text-editor\" data-id=\"714c0d5\" data-element_type=\"widget\" data-widget_type=\"text-editor.default\">\n\t\t\t\t<div class=\"elementor-widget-container\">\n\t\t\t\t\t\t\t\t\t<p>Ben Rakidzija unterrichtet in ganz Europa. Er ist von der American Yoga Alliance (500RYT) zertifiziert und praktiziert seit 2007 Yoga und Zen-Meditation. Zu seinen Lehrern geh\u00f6ren Paul Haller (USA) und Shodo Harada Roshi (Japan).<\/p><p>Immer darauf bedacht, die richtige Balance zwischen Kr\u00e4ftigung und Entspannung zu finden, ist das Ziel seiner Lektionen, einen stabilen K\u00f6rper und einen klaren Geist zu erlangen.<\/p><p>Ben Rakidzija hat ausserdem einen Magister-Abschluss in Philosophie und Geschichte und schreibt Prosa und Poesie. Seine Theaterst\u00fccke werden auf wechselnden internationalen B\u00fchnen aufgef\u00fchrt.\u00a0<\/p>\t\t\t\t\t\t\t\t<\/div>\n\t\t\t\t<\/div>\n\t\t\t\t\t<\/div>\n\t\t<\/div>\n\t\t\t\t\t<\/div>\n\t\t<\/section>\n\t\t\t\t<section class=\"elementor-section elementor-top-section elementor-element elementor-element-789e99f elementor-section-boxed elementor-section-height-default elementor-section-height-default\" data-id=\"789e99f\" data-element_type=\"section\" data-settings=\"{&quot;background_background&quot;:&quot;classic&quot;}\">\n\t\t\t\t\t\t<div class=\"elementor-container elementor-column-gap-default\">\n\t\t\t\t\t<div class=\"elementor-column elementor-col-100 elementor-top-column elementor-element elementor-element-8933a43\" data-id=\"8933a43\" data-element_type=\"column\" data-settings=\"{&quot;background_background&quot;:&quot;classic&quot;}\">\n\t\t\t<div class=\"elementor-widget-wrap elementor-element-populated\">\n\t\t\t\t\t\t<div class=\"elementor-element elementor-element-64f96c4 elementor-widget elementor-widget-spacer\" data-id=\"64f96c4\" data-element_type=\"widget\" data-widget_type=\"spacer.default\">\n\t\t\t\t<div class=\"elementor-widget-container\">\n\t\t\t\t\t\t\t<div class=\"elementor-spacer\">\n\t\t\t<div class=\"elementor-spacer-inner\"><\/div>\n\t\t<\/div>\n\t\t\t\t\t\t<\/div>\n\t\t\t\t<\/div>\n\t\t\t\t\t<\/div>\n\t\t<\/div>\n\t\t\t\t\t<\/div>\n\t\t<\/section>\n\t\t\t\t<section class=\"elementor-section elementor-top-section elementor-element elementor-element-062be0a elementor-hidden-desktop elementor-hidden-tablet elementor-hidden-mobile elementor-section-boxed elementor-section-height-default elementor-section-height-default\" data-id=\"062be0a\" data-element_type=\"section\">\n\t\t\t\t\t\t<div class=\"elementor-container elementor-column-gap-default\">\n\t\t\t\t\t<div class=\"elementor-column elementor-col-100 elementor-top-column elementor-element elementor-element-346b5d8\" data-id=\"346b5d8\" data-element_type=\"column\">\n\t\t\t<div class=\"elementor-widget-wrap elementor-element-populated\">\n\t\t\t\t\t\t<div class=\"elementor-element elementor-element-84815f6 elementor-widget elementor-widget-video\" data-id=\"84815f6\" data-element_type=\"widget\" id=\"resp-video\" data-settings=\"{&quot;video_type&quot;:&quot;hosted&quot;,&quot;controls&quot;:&quot;yes&quot;}\" data-widget_type=\"video.default\">\n\t\t\t\t<div class=\"elementor-widget-container\">\n\t\t\t\t\t\t\t<div class=\"e-hosted-video elementor-wrapper elementor-open-inline\">\n\t\t\t\t\t<video class=\"elementor-video\" src=\"https:\/\/villa-hammerschmiede.de\/wp-content\/uploads\/2023\/12\/KW50.mp4\" controls=\"\" preload=\"metadata\" controlslist=\"nodownload\"><\/video>\n\t\t\t\t<\/div>\n\t\t\t\t\t\t<\/div>\n\t\t\t\t<\/div>\n\t\t\t\t\t<\/div>\n\t\t<\/div>\n\t\t\t\t\t<\/div>\n\t\t<\/section>\n\t\t\t\t<section class=\"elementor-section elementor-top-section elementor-element elementor-element-0c2ee28 elementor-section-boxed elementor-section-height-default elementor-section-height-default\" data-id=\"0c2ee28\" data-element_type=\"section\">\n\t\t\t\t\t\t<div class=\"elementor-container elementor-column-gap-default\">\n\t\t\t\t\t<div class=\"elementor-column elementor-col-100 elementor-top-column elementor-element elementor-element-d72ad12\" data-id=\"d72ad12\" data-element_type=\"column\">\n\t\t\t<div class=\"elementor-widget-wrap elementor-element-populated\">\n\t\t\t\t\t\t<div class=\"elementor-element elementor-element-d0ccff1 elementor-widget elementor-widget-heading\" data-id=\"d0ccff1\" data-element_type=\"widget\" data-widget_type=\"heading.default\">\n\t\t\t\t<div class=\"elementor-widget-container\">\n\t\t\t\t\t<h2 class=\"elementor-heading-title elementor-size-default\">Ben Rakidzija bei SWR1 Leute<\/h2>\t\t\t\t<\/div>\n\t\t\t\t<\/div>\n\t\t\t\t<div class=\"elementor-element elementor-element-a5a928a elementor-widget elementor-widget-image\" data-id=\"a5a928a\" data-element_type=\"widget\" data-widget_type=\"image.default\">\n\t\t\t\t<div class=\"elementor-widget-container\">\n\t\t\t\t\t\t\t\t\t\t\t\t\t\t\t\t<a href=\"https:\/\/www.ardmediathek.de\/video\/swr1-leute\/ben-rakidzija-oder-philosoph-oder-darum-muessen-wir-uns-ruheinseln-im-leben-schaffen\/swr\/Y3JpZDovL3N3ci5kZS9hZXgvbzIyNjU1NzY\" target=\"_blank\">\n\t\t\t\t\t\t\t<img fetchpriority=\"high\" decoding=\"async\" width=\"2560\" height=\"1440\" src=\"https:\/\/villa-hammerschmiede.de\/wp-content\/uploads\/2025\/11\/Bildschirmfoto-2025-11-14-um-15.42.32-scaled.png\" class=\"attachment-full size-full wp-image-5282\" alt=\"\" srcset=\"https:\/\/villa-hammerschmiede.de\/wp-content\/uploads\/2025\/11\/Bildschirmfoto-2025-11-14-um-15.42.32-scaled.png 2560w, https:\/\/villa-hammerschmiede.de\/wp-content\/uploads\/2025\/11\/Bildschirmfoto-2025-11-14-um-15.42.32-300x169.png 300w, https:\/\/villa-hammerschmiede.de\/wp-content\/uploads\/2025\/11\/Bildschirmfoto-2025-11-14-um-15.42.32-1024x576.png 1024w, https:\/\/villa-hammerschmiede.de\/wp-content\/uploads\/2025\/11\/Bildschirmfoto-2025-11-14-um-15.42.32-768x432.png 768w, https:\/\/villa-hammerschmiede.de\/wp-content\/uploads\/2025\/11\/Bildschirmfoto-2025-11-14-um-15.42.32-1536x864.png 1536w, https:\/\/villa-hammerschmiede.de\/wp-content\/uploads\/2025\/11\/Bildschirmfoto-2025-11-14-um-15.42.32-2048x1152.png 2048w, https:\/\/villa-hammerschmiede.de\/wp-content\/uploads\/2025\/11\/Bildschirmfoto-2025-11-14-um-15.42.32-18x10.png 18w\" sizes=\"(max-width: 2560px) 100vw, 2560px\" \/>\t\t\t\t\t\t\t\t<\/a>\n\t\t\t\t\t\t\t\t\t\t\t\t\t\t\t<\/div>\n\t\t\t\t<\/div>\n\t\t\t\t\t<\/div>\n\t\t<\/div>\n\t\t\t\t\t<\/div>\n\t\t<\/section>\n\t\t\t\t<\/div>","protected":false},"excerpt":{"rendered":"<p>Ruhe, Auszeit f\u00fcr sich selbst, Achtsam sein &#8211; Yoga In jedem Menschen ist die Sonne, man muss sie nur zum Leuchten bringen. -Sokrates Zeit in der Natur Alles kann, nichts muss.Tauchen Sie ein, in eine Zeit der Stille und Achtsamkeit. 1 Tag, 2 Tage oder 3 Tage in der Woche von Donnerstag, den 05. M\u00e4rz [&hellip;]<\/p>","protected":false},"author":13,"featured_media":0,"parent":0,"menu_order":0,"comment_status":"closed","ping_status":"closed","template":"","meta":{"site-sidebar-layout":"no-sidebar","site-content-layout":"page-builder","ast-site-content-layout":"","site-content-style":"default","site-sidebar-style":"default","ast-global-header-display":"","ast-banner-title-visibility":"","ast-main-header-display":"","ast-hfb-above-header-display":"","ast-hfb-below-header-display":"","ast-hfb-mobile-header-display":"","site-post-title":"disabled","ast-breadcrumbs-content":"","ast-featured-img":"disabled","footer-sml-layout":"","theme-transparent-header-meta":"default","adv-header-id-meta":"","stick-header-meta":"","header-above-stick-meta":"","header-main-stick-meta":"","header-below-stick-meta":"","astra-migrate-meta-layouts":"default","ast-page-background-enabled":"default","ast-page-background-meta":{"desktop":{"background-color":"var(--ast-global-color-4)","background-image":"","background-repeat":"repeat","background-position":"center center","background-size":"auto","background-attachment":"scroll","background-type":"","background-media":"","overlay-type":"","overlay-color":"","overlay-opacity":"","overlay-gradient":""},"tablet":{"background-color":"","background-image":"","background-repeat":"repeat","background-position":"center center","background-size":"auto","background-attachment":"scroll","background-type":"","background-media":"","overlay-type":"","overlay-color":"","overlay-opacity":"","overlay-gradient":""},"mobile":{"background-color":"","background-image":"","background-repeat":"repeat","background-position":"center center","background-size":"auto","background-attachment":"scroll","background-type":"","background-media":"","overlay-type":"","overlay-color":"","overlay-opacity":"","overlay-gradient":""}},"ast-content-background-meta":{"desktop":{"background-color":"var(--ast-global-color-5)","background-image":"","background-repeat":"repeat","background-position":"center center","background-size":"auto","background-attachment":"scroll","background-type":"","background-media":"","overlay-type":"","overlay-color":"","overlay-opacity":"","overlay-gradient":""},"tablet":{"background-color":"var(--ast-global-color-5)","background-image":"","background-repeat":"repeat","background-position":"center center","background-size":"auto","background-attachment":"scroll","background-type":"","background-media":"","overlay-type":"","overlay-color":"","overlay-opacity":"","overlay-gradient":""},"mobile":{"background-color":"var(--ast-global-color-5)","background-image":"","background-repeat":"repeat","background-position":"center center","background-size":"auto","background-attachment":"scroll","background-type":"","background-media":"","overlay-type":"","overlay-color":"","overlay-opacity":"","overlay-gradient":""}},"footnotes":""},"class_list":["post-3616","page","type-page","status-publish","hentry"],"yoast_head":"<!-- This site is optimized with the Yoast SEO plugin v26.8 - https:\/\/yoast.com\/product\/yoast-seo-wordpress\/ -->\n<title>Yoga-Kurs | Hotel Villa Hammerschmiede<\/title>\n<meta name=\"robots\" content=\"index, follow, max-snippet:-1, max-image-preview:large, max-video-preview:-1\" \/>\n<link rel=\"canonical\" href=\"https:\/\/villa-hammerschmiede.de\/en\/yoga\/\" \/>\n<meta property=\"og:locale\" content=\"en_GB\" \/>\n<meta property=\"og:type\" content=\"article\" \/>\n<meta property=\"og:title\" content=\"Yoga-Kurs | Hotel Villa Hammerschmiede\" \/>\n<meta property=\"og:description\" content=\"Ruhe, Auszeit f\u00fcr sich selbst, Achtsam sein &#8211; Yoga In jedem Menschen ist die Sonne, man muss sie nur zum Leuchten bringen. -Sokrates Zeit in der Natur Alles kann, nichts muss.Tauchen Sie ein, in eine Zeit der Stille und Achtsamkeit. 1 Tag, 2 Tage oder 3 Tage in der Woche von Donnerstag, den 05. M\u00e4rz [&hellip;]\" \/>\n<meta property=\"og:url\" content=\"https:\/\/villa-hammerschmiede.de\/en\/yoga\/\" \/>\n<meta property=\"og:site_name\" content=\"Hotel Villa Hammerschmiede\" \/>\n<meta property=\"article:publisher\" content=\"https:\/\/de-de.facebook.com\/VillaHammerschmiede\" \/>\n<meta property=\"article:modified_time\" content=\"2026-02-10T11:15:43+00:00\" \/>\n<meta property=\"og:image\" content=\"https:\/\/villa-hammerschmiede.de\/wp-content\/uploads\/2025\/11\/Bildschirmfoto-2025-11-14-um-15.42.32-scaled.png\" \/>\n\t<meta property=\"og:image:width\" content=\"2560\" \/>\n\t<meta property=\"og:image:height\" content=\"1440\" \/>\n\t<meta property=\"og:image:type\" content=\"image\/png\" \/>\n<meta name=\"twitter:card\" content=\"summary_large_image\" \/>\n<meta name=\"twitter:label1\" content=\"Estimated reading time\" \/>\n\t<meta name=\"twitter:data1\" content=\"3 minutes\" \/>\n<script type=\"application\/ld+json\" class=\"yoast-schema-graph\">{\"@context\":\"https:\/\/schema.org\",\"@graph\":[{\"@type\":\"WebPage\",\"@id\":\"https:\/\/villa-hammerschmiede.de\/yoga\/\",\"url\":\"https:\/\/villa-hammerschmiede.de\/yoga\/\",\"name\":\"Yoga-Kurs | Hotel Villa Hammerschmiede\",\"isPartOf\":{\"@id\":\"https:\/\/villa-hammerschmiede.de\/#website\"},\"primaryImageOfPage\":{\"@id\":\"https:\/\/villa-hammerschmiede.de\/yoga\/#primaryimage\"},\"image\":{\"@id\":\"https:\/\/villa-hammerschmiede.de\/yoga\/#primaryimage\"},\"thumbnailUrl\":\"https:\/\/villa-hammerschmiede.de\/wp-content\/uploads\/2025\/11\/Bildschirmfoto-2025-11-14-um-15.42.32-scaled.png\",\"datePublished\":\"2023-02-01T12:18:07+00:00\",\"dateModified\":\"2026-02-10T11:15:43+00:00\",\"breadcrumb\":{\"@id\":\"https:\/\/villa-hammerschmiede.de\/yoga\/#breadcrumb\"},\"inLanguage\":\"en-GB\",\"potentialAction\":[{\"@type\":\"ReadAction\",\"target\":[\"https:\/\/villa-hammerschmiede.de\/yoga\/\"]}]},{\"@type\":\"ImageObject\",\"inLanguage\":\"en-GB\",\"@id\":\"https:\/\/villa-hammerschmiede.de\/yoga\/#primaryimage\",\"url\":\"https:\/\/villa-hammerschmiede.de\/wp-content\/uploads\/2025\/11\/Bildschirmfoto-2025-11-14-um-15.42.32-scaled.png\",\"contentUrl\":\"https:\/\/villa-hammerschmiede.de\/wp-content\/uploads\/2025\/11\/Bildschirmfoto-2025-11-14-um-15.42.32-scaled.png\"},{\"@type\":\"BreadcrumbList\",\"@id\":\"https:\/\/villa-hammerschmiede.de\/yoga\/#breadcrumb\",\"itemListElement\":[{\"@type\":\"ListItem\",\"position\":1,\"name\":\"Startseite\",\"item\":\"https:\/\/villa-hammerschmiede.de\/\"},{\"@type\":\"ListItem\",\"position\":2,\"name\":\"Yoga-Kurs\"}]},{\"@type\":\"WebSite\",\"@id\":\"https:\/\/villa-hammerschmiede.de\/#website\",\"url\":\"https:\/\/villa-hammerschmiede.de\/\",\"name\":\"Villa-Hammerschmiede\",\"description\":\"\",\"potentialAction\":[{\"@type\":\"SearchAction\",\"target\":{\"@type\":\"EntryPoint\",\"urlTemplate\":\"https:\/\/villa-hammerschmiede.de\/?s={search_term_string}\"},\"query-input\":{\"@type\":\"PropertyValueSpecification\",\"valueRequired\":true,\"valueName\":\"search_term_string\"}}],\"inLanguage\":\"en-GB\"}]}<\/script>\n<!-- \/ Yoast SEO plugin. -->","yoast_head_json":{"title":"Yoga-Kurs | Hotel Villa Hammerschmiede","robots":{"index":"index","follow":"follow","max-snippet":"max-snippet:-1","max-image-preview":"max-image-preview:large","max-video-preview":"max-video-preview:-1"},"canonical":"https:\/\/villa-hammerschmiede.de\/en\/yoga\/","og_locale":"en_GB","og_type":"article","og_title":"Yoga-Kurs | Hotel Villa Hammerschmiede","og_description":"Ruhe, Auszeit f\u00fcr sich selbst, Achtsam sein &#8211; Yoga In jedem Menschen ist die Sonne, man muss sie nur zum Leuchten bringen. -Sokrates Zeit in der Natur Alles kann, nichts muss.Tauchen Sie ein, in eine Zeit der Stille und Achtsamkeit. 1 Tag, 2 Tage oder 3 Tage in der Woche von Donnerstag, den 05. M\u00e4rz [&hellip;]","og_url":"https:\/\/villa-hammerschmiede.de\/en\/yoga\/","og_site_name":"Hotel Villa Hammerschmiede","article_publisher":"https:\/\/de-de.facebook.com\/VillaHammerschmiede","article_modified_time":"2026-02-10T11:15:43+00:00","og_image":[{"width":2560,"height":1440,"url":"https:\/\/villa-hammerschmiede.de\/wp-content\/uploads\/2025\/11\/Bildschirmfoto-2025-11-14-um-15.42.32-scaled.png","type":"image\/png"}],"twitter_card":"summary_large_image","twitter_misc":{"Estimated reading time":"3 minutes"},"schema":{"@context":"https:\/\/schema.org","@graph":[{"@type":"WebPage","@id":"https:\/\/villa-hammerschmiede.de\/yoga\/","url":"https:\/\/villa-hammerschmiede.de\/yoga\/","name":"Yoga-Kurs | Hotel Villa Hammerschmiede","isPartOf":{"@id":"https:\/\/villa-hammerschmiede.de\/#website"},"primaryImageOfPage":{"@id":"https:\/\/villa-hammerschmiede.de\/yoga\/#primaryimage"},"image":{"@id":"https:\/\/villa-hammerschmiede.de\/yoga\/#primaryimage"},"thumbnailUrl":"https:\/\/villa-hammerschmiede.de\/wp-content\/uploads\/2025\/11\/Bildschirmfoto-2025-11-14-um-15.42.32-scaled.png","datePublished":"2023-02-01T12:18:07+00:00","dateModified":"2026-02-10T11:15:43+00:00","breadcrumb":{"@id":"https:\/\/villa-hammerschmiede.de\/yoga\/#breadcrumb"},"inLanguage":"en-GB","potentialAction":[{"@type":"ReadAction","target":["https:\/\/villa-hammerschmiede.de\/yoga\/"]}]},{"@type":"ImageObject","inLanguage":"en-GB","@id":"https:\/\/villa-hammerschmiede.de\/yoga\/#primaryimage","url":"https:\/\/villa-hammerschmiede.de\/wp-content\/uploads\/2025\/11\/Bildschirmfoto-2025-11-14-um-15.42.32-scaled.png","contentUrl":"https:\/\/villa-hammerschmiede.de\/wp-content\/uploads\/2025\/11\/Bildschirmfoto-2025-11-14-um-15.42.32-scaled.png"},{"@type":"BreadcrumbList","@id":"https:\/\/villa-hammerschmiede.de\/yoga\/#breadcrumb","itemListElement":[{"@type":"ListItem","position":1,"name":"Startseite","item":"https:\/\/villa-hammerschmiede.de\/"},{"@type":"ListItem","position":2,"name":"Yoga-Kurs"}]},{"@type":"WebSite","@id":"https:\/\/villa-hammerschmiede.de\/#website","url":"https:\/\/villa-hammerschmiede.de\/","name":"Villa-Hammerschmiede","description":"","potentialAction":[{"@type":"SearchAction","target":{"@type":"EntryPoint","urlTemplate":"https:\/\/villa-hammerschmiede.de\/?s={search_term_string}"},"query-input":{"@type":"PropertyValueSpecification","valueRequired":true,"valueName":"search_term_string"}}],"inLanguage":"en-GB"}]}},"_links":{"self":[{"href":"https:\/\/villa-hammerschmiede.de\/en\/wp-json\/wp\/v2\/pages\/3616","targetHints":{"allow":["GET"]}}],"collection":[{"href":"https:\/\/villa-hammerschmiede.de\/en\/wp-json\/wp\/v2\/pages"}],"about":[{"href":"https:\/\/villa-hammerschmiede.de\/en\/wp-json\/wp\/v2\/types\/page"}],"author":[{"embeddable":true,"href":"https:\/\/villa-hammerschmiede.de\/en\/wp-json\/wp\/v2\/users\/13"}],"replies":[{"embeddable":true,"href":"https:\/\/villa-hammerschmiede.de\/en\/wp-json\/wp\/v2\/comments?post=3616"}],"version-history":[{"count":82,"href":"https:\/\/villa-hammerschmiede.de\/en\/wp-json\/wp\/v2\/pages\/3616\/revisions"}],"predecessor-version":[{"id":5408,"href":"https:\/\/villa-hammerschmiede.de\/en\/wp-json\/wp\/v2\/pages\/3616\/revisions\/5408"}],"wp:attachment":[{"href":"https:\/\/villa-hammerschmiede.de\/en\/wp-json\/wp\/v2\/media?parent=3616"}],"curies":[{"name":"wp","href":"https:\/\/api.w.org\/{rel}","templated":true}]}}