{"id":1004,"date":"2019-07-25T12:13:35","date_gmt":"2019-07-25T10:13:35","guid":{"rendered":"http:\/\/villa-hammerschmiede.de.w0194110.kasserver.com\/?page_id=1004"},"modified":"2025-04-15T12:26:56","modified_gmt":"2025-04-15T10:26:56","slug":"restaurant-reservierung","status":"publish","type":"page","link":"https:\/\/villa-hammerschmiede.de\/en\/restaurant-reservierung\/","title":{"rendered":"Restaurant Reservierung"},"content":{"rendered":"<div data-elementor-type=\"wp-post\" data-elementor-id=\"1004\" class=\"elementor elementor-1004\" data-elementor-post-type=\"page\">\n\t\t\t\t\t\t<section class=\"elementor-section elementor-top-section elementor-element elementor-element-e198a81 elementor-section-full_width noSmoothScroll elementor-section-height-default elementor-section-height-default\" data-id=\"e198a81\" data-element_type=\"section\">\n\t\t\t\t\t\t<div class=\"elementor-container elementor-column-gap-default\">\n\t\t\t\t\t<div class=\"elementor-column elementor-col-100 elementor-top-column elementor-element elementor-element-6bbaa8f\" data-id=\"6bbaa8f\" data-element_type=\"column\">\n\t\t\t<div class=\"elementor-widget-wrap elementor-element-populated\">\n\t\t\t\t\t\t<div class=\"elementor-element elementor-element-735068b elementor-widget elementor-widget-heading\" data-id=\"735068b\" data-element_type=\"widget\" data-widget_type=\"heading.default\">\n\t\t\t\t<div class=\"elementor-widget-container\">\n\t\t\t\t\t<h2 class=\"elementor-heading-title elementor-size-default\">Restaurant-Reservierung anfragen<\/h2>\t\t\t\t<\/div>\n\t\t\t\t<\/div>\n\t\t\t\t<div class=\"elementor-element elementor-element-9204bfe elementor-widget elementor-widget-heading\" data-id=\"9204bfe\" data-element_type=\"widget\" data-widget_type=\"heading.default\">\n\t\t\t\t<div class=\"elementor-widget-container\">\n\t\t\t\t\t<h2 class=\"elementor-heading-title elementor-size-default\">Wir freuen uns Sie mit unseren K\u00f6stlichkeiten verw\u00f6hnen zu d\u00fcrfen. Geben Sie uns Bescheid, wann Sie gerne bei uns speisen w\u00fcrden und wir melden uns bei Ihnen zur\u00fcck.<br>Sie k\u00f6nnen im Kommentarfeld auch gerne noch Extraw\u00fcnsche \u00e4u\u00dfern.<\/h2>\t\t\t\t<\/div>\n\t\t\t\t<\/div>\n\t\t\t\t\t<\/div>\n\t\t<\/div>\n\t\t\t\t\t<\/div>\n\t\t<\/section>\n\t\t\t\t<section class=\"elementor-section elementor-top-section elementor-element elementor-element-e6c6516 elementor-section-boxed elementor-section-height-default elementor-section-height-default\" data-id=\"e6c6516\" data-element_type=\"section\">\n\t\t\t\t\t\t<div class=\"elementor-container elementor-column-gap-default\">\n\t\t\t\t\t<div class=\"elementor-column elementor-col-100 elementor-top-column elementor-element elementor-element-a7286fb\" data-id=\"a7286fb\" data-element_type=\"column\">\n\t\t\t<div class=\"elementor-widget-wrap elementor-element-populated\">\n\t\t\t\t\t\t<div class=\"elementor-element elementor-element-9c23803 elementor-widget elementor-widget-shortcode\" data-id=\"9c23803\" data-element_type=\"widget\" data-widget_type=\"shortcode.default\">\n\t\t\t\t<div class=\"elementor-widget-container\">\n\t\t\t\t\t\t\t<div class=\"elementor-shortcode\"><div class=\"wpforms-container wpforms-container-full restaurant-reserv villa-form\" id=\"wpforms-1003\"><form id=\"wpforms-form-1003\" class=\"wpforms-validate wpforms-form\" data-formid=\"1003\" method=\"post\" enctype=\"multipart\/form-data\" action=\"\/en\/wp-json\/wp\/v2\/pages\/1004\" data-token=\"f1a421b2aafe87644be60da9facb1f79\" data-token-time=\"1777909429\" data-trp-original-action=\"\/en\/wp-json\/wp\/v2\/pages\/1004\"><noscript class=\"wpforms-error-noscript\">Please enable JavaScript in your browser to complete this form.<\/noscript><div class=\"wpforms-field-container\"><div id=\"wpforms-1003-field_0-container\" class=\"wpforms-field wpforms-field-name\" data-field-id=\"0\"><label class=\"wpforms-field-label\">Name <span class=\"wpforms-required-label\">*<\/span><\/label><div class=\"wpforms-field-row wpforms-field-medium\"><div class=\"wpforms-field-row-block wpforms-first wpforms-one-half\"><input type=\"text\" id=\"wpforms-1003-field_0\" class=\"wpforms-field-name-first wpforms-field-required\" name=\"wpforms[fields][0][first]\" required><label for=\"wpforms-1003-field_0\" class=\"wpforms-field-sublabel after\">First<\/label><\/div><div class=\"wpforms-field-row-block wpforms-one-half\"><input type=\"text\" id=\"wpforms-1003-field_0-last\" class=\"wpforms-field-name-last wpforms-field-required\" name=\"wpforms[fields][0][last]\" required><label for=\"wpforms-1003-field_0-last\" class=\"wpforms-field-sublabel after\">Last<\/label><\/div><\/div><\/div><div id=\"wpforms-1003-field_1-container\" class=\"wpforms-field wpforms-field-email\" data-field-id=\"1\"><label class=\"wpforms-field-label\" for=\"wpforms-1003-field_1\">E-Mail<\/label><input type=\"email\" id=\"wpforms-1003-field_1\" class=\"wpforms-field-medium\" name=\"wpforms[fields][1]\" spellcheck=\"false\" ><\/div><div id=\"wpforms-1003-field_8-container\" class=\"wpforms-field wpforms-field-text\" data-field-id=\"8\"><label class=\"wpforms-field-label\" for=\"wpforms-1003-field_8\">Oder Telefon<\/label><input type=\"text\" id=\"wpforms-1003-field_8\" class=\"wpforms-field-medium\" name=\"wpforms[fields][8]\" ><\/div><div id=\"wpforms-1003-field_9-container\" class=\"wpforms-field wpforms-field-number\" data-field-id=\"9\"><label class=\"wpforms-field-label\" for=\"wpforms-1003-field_9\">Personenanzahl<\/label><input type=\"number\" id=\"wpforms-1003-field_9\" class=\"wpforms-field-medium\" name=\"wpforms[fields][9]\" step=\"any\" ><\/div><div id=\"wpforms-1003-field_7-container\" class=\"wpforms-field wpforms-field-text\" data-field-id=\"7\"><label class=\"wpforms-field-label\" for=\"wpforms-1003-field_7\">Datum <span class=\"wpforms-required-label\">*<\/span><\/label><input type=\"text\" id=\"wpforms-1003-field_7\" class=\"wpforms-field-medium wpforms-field-required\" name=\"wpforms[fields][7]\" placeholder=\"01.01.2025\" required><\/div><div id=\"wpforms-1003-field_3-container\" class=\"wpforms-field wpforms-field-select wpforms-field-select-style-classic\" data-field-id=\"3\"><label class=\"wpforms-field-label\" for=\"wpforms-1003-field_3\">Wann m\u00f6chten Sie essen?<\/label><select id=\"wpforms-1003-field_3\" class=\"wpforms-field-medium\" name=\"wpforms[fields][3]\"><option value=\"Mittags\" >Mittags<\/option><option value=\"Abends\" >Abends<\/option><\/select><\/div><div id=\"wpforms-1003-field_2-container\" class=\"wpforms-field wpforms-field-textarea\" data-field-id=\"2\"><label class=\"wpforms-field-label\" for=\"wpforms-1003-field_2\">Comment or message<\/label><textarea id=\"wpforms-1003-field_2\" class=\"wpforms-field-medium\" name=\"wpforms[fields][2]\" ><\/textarea><\/div><\/div><!-- .wpforms-field-container --><div class=\"wpforms-field wpforms-field-hp\"><label for=\"wpforms-1003-field-hp\" class=\"wpforms-field-label\">Name<\/label><input type=\"text\" name=\"wpforms[hp]\" id=\"wpforms-1003-field-hp\" class=\"wpforms-field-medium\"><\/div><div class=\"wpforms-submit-container\" ><input type=\"hidden\" name=\"wpforms[id]\" value=\"1003\"><input type=\"hidden\" name=\"page_title\" value=\"\"><input type=\"hidden\" name=\"page_url\" value=\"https:\/\/villa-hammerschmiede.de\/en\/wp-json\/wp\/v2\/pages\/1004\"><input type=\"hidden\" name=\"url_referer\" value=\"\"><button type=\"submit\" name=\"wpforms[submit]\" id=\"wpforms-submit-1003\" class=\"wpforms-submit\" data-alt-text=\"Senden...\" data-submit-text=\"Absenden\" aria-live=\"assertive\" value=\"wpforms-submit\">Submit<\/button><\/div><input type=\"hidden\" name=\"trp-form-language\" value=\"en\"\/><\/form><\/div>  <!-- .wpforms-container --><\/div>\n\t\t\t\t\t\t<\/div>\n\t\t\t\t<\/div>\n\t\t\t\t\t<\/div>\n\t\t<\/div>\n\t\t\t\t\t<\/div>\n\t\t<\/section>\n\t\t\t\t<section class=\"elementor-section elementor-top-section elementor-element elementor-element-5b663dc elementor-section-boxed elementor-section-height-default elementor-section-height-default\" data-id=\"5b663dc\" data-element_type=\"section\">\n\t\t\t\t\t\t<div class=\"elementor-container elementor-column-gap-default\">\n\t\t\t\t\t<div class=\"elementor-column elementor-col-100 elementor-top-column elementor-element elementor-element-7a07456\" data-id=\"7a07456\" data-element_type=\"column\">\n\t\t\t<div class=\"elementor-widget-wrap elementor-element-populated\">\n\t\t\t\t\t\t<div class=\"elementor-element elementor-element-414f2fe fork-widget-container elementor-hidden-phone elementor-widget elementor-widget-html\" data-id=\"414f2fe\" data-element_type=\"widget\" data-widget_type=\"html.default\">\n\t\t\t\t<div class=\"elementor-widget-container\">\n\t\t\t\t\t<!-- th fork widget -->\n<script type=\"text\/javascript\" src=\"https:\/\/module.lafourchette.com\/de_DE\/js\/horizontal\/616251-11cc9\"><\/script>\t\t\t\t<\/div>\n\t\t\t\t<\/div>\n\t\t\t\t<div class=\"elementor-element elementor-element-ff467aa elementor-hidden-desktop elementor-hidden-tablet elementor-hidden-phone elementor-widget elementor-widget-html\" data-id=\"ff467aa\" data-element_type=\"widget\" data-widget_type=\"html.default\">\n\t\t\t\t<div class=\"elementor-widget-container\">\n\t\t\t\t\t<div class=\"BorlabsCookie _brlbs-cb-default\"><div class=\"_brlbs-content-blocker\"> <div class=\"_brlbs-default\"> <p>Klicken Sie auf den unteren Button, um den Inhalt von module.lafourchette.com zu laden.<\/p> <p><a class=\"_brlbs-btn\" href=\"#\" data-borlabs-cookie-unblock role=\"button\">Inhalt laden<\/a><\/p> <\/div> <\/div><div class=\"borlabs-hide\" data-borlabs-cookie-type=\"content-blocker\" data-borlabs-cookie-id=\"default\"><script type=\"text\/template\">PGlmcmFtZSBzcmM9Imh0dHBzOi8vbW9kdWxlLmxhZm91cmNoZXR0ZS5jb20vZGVfREUvbW9kdWxlLzYxNjI1MS0xMWNjOSAiIHN0eWxlPSJ3aWR0aDogMTAwJTsgbWluLWhlaWdodDo4MDBweDsgYm9yZGVyOm5vbmU7IG92ZXJmbG93OnNjcm9sbDsiPjwvaWZyYW1lPg==<\/script><\/div><\/div>\t\t\t\t<\/div>\n\t\t\t\t<\/div>\n\t\t\t\t<div class=\"elementor-element elementor-element-0809214 right-of-two-button elementor-align-center elementor-hidden-desktop elementor-hidden-tablet elementor-hidden-phone elementor-widget elementor-widget-button\" data-id=\"0809214\" data-element_type=\"widget\" data-widget_type=\"button.default\">\n\t\t\t\t<div class=\"elementor-widget-container\">\n\t\t\t\t\t\t\t\t\t<div class=\"elementor-button-wrapper\">\n\t\t\t\t\t<a class=\"elementor-button elementor-button-link elementor-size-sm\" href=\"https:\/\/module.lafourchette.com\/de_de\/module\/616251-11cc9\" target=\"_blank\">\n\t\t\t\t\t\t<span class=\"elementor-button-content-wrapper\">\n\t\t\t\t\t\t\t\t\t<span class=\"elementor-button-text\">hier anfragen<\/span>\n\t\t\t\t\t<\/span>\n\t\t\t\t\t<\/a>\n\t\t\t\t<\/div>\n\t\t\t\t\t\t\t\t<\/div>\n\t\t\t\t<\/div>\n\t\t\t\t\t<\/div>\n\t\t<\/div>\n\t\t\t\t\t<\/div>\n\t\t<\/section>\n\t\t\t\t<\/div>","protected":false},"excerpt":{"rendered":"<p>Restaurant-Reservierung anfragen Wir freuen uns Sie mit unseren K\u00f6stlichkeiten verw\u00f6hnen zu d\u00fcrfen. Geben Sie uns Bescheid, wann Sie gerne bei uns speisen w\u00fcrden und wir melden uns bei Ihnen zur\u00fcck.Sie k\u00f6nnen im Kommentarfeld auch gerne noch Extraw\u00fcnsche \u00e4u\u00dfern. Klicken Sie auf den unteren Button, um den Inhalt von module.lafourchette.com zu laden. Inhalt laden hier anfragen<\/p>","protected":false},"author":13,"featured_media":0,"parent":0,"menu_order":0,"comment_status":"closed","ping_status":"closed","template":"","meta":{"site-sidebar-layout":"no-sidebar","site-content-layout":"page-builder","ast-site-content-layout":"","site-content-style":"default","site-sidebar-style":"default","ast-global-header-display":"","ast-banner-title-visibility":"","ast-main-header-display":"","ast-hfb-above-header-display":"","ast-hfb-below-header-display":"","ast-hfb-mobile-header-display":"","site-post-title":"disabled","ast-breadcrumbs-content":"","ast-featured-img":"disabled","footer-sml-layout":"","theme-transparent-header-meta":"default","adv-header-id-meta":"","stick-header-meta":"","header-above-stick-meta":"","header-main-stick-meta":"","header-below-stick-meta":"","astra-migrate-meta-layouts":"default","ast-page-background-enabled":"default","ast-page-background-meta":{"desktop":{"background-color":"var(--ast-global-color-4)","background-image":"","background-repeat":"repeat","background-position":"center center","background-size":"auto","background-attachment":"scroll","background-type":"","background-media":"","overlay-type":"","overlay-color":"","overlay-opacity":"","overlay-gradient":""},"tablet":{"background-color":"","background-image":"","background-repeat":"repeat","background-position":"center center","background-size":"auto","background-attachment":"scroll","background-type":"","background-media":"","overlay-type":"","overlay-color":"","overlay-opacity":"","overlay-gradient":""},"mobile":{"background-color":"","background-image":"","background-repeat":"repeat","background-position":"center center","background-size":"auto","background-attachment":"scroll","background-type":"","background-media":"","overlay-type":"","overlay-color":"","overlay-opacity":"","overlay-gradient":""}},"ast-content-background-meta":{"desktop":{"background-color":"var(--ast-global-color-5)","background-image":"","background-repeat":"repeat","background-position":"center center","background-size":"auto","background-attachment":"scroll","background-type":"","background-media":"","overlay-type":"","overlay-color":"","overlay-opacity":"","overlay-gradient":""},"tablet":{"background-color":"var(--ast-global-color-5)","background-image":"","background-repeat":"repeat","background-position":"center center","background-size":"auto","background-attachment":"scroll","background-type":"","background-media":"","overlay-type":"","overlay-color":"","overlay-opacity":"","overlay-gradient":""},"mobile":{"background-color":"var(--ast-global-color-5)","background-image":"","background-repeat":"repeat","background-position":"center center","background-size":"auto","background-attachment":"scroll","background-type":"","background-media":"","overlay-type":"","overlay-color":"","overlay-opacity":"","overlay-gradient":""}},"footnotes":""},"class_list":["post-1004","page","type-page","status-publish","hentry"],"yoast_head":"<!-- This site is optimized with the Yoast SEO plugin v26.8 - https:\/\/yoast.com\/product\/yoast-seo-wordpress\/ -->\n<title>Restaurant Reservierung | Hotel Villa Hammerschmiede<\/title>\n<meta name=\"robots\" content=\"index, follow, max-snippet:-1, max-image-preview:large, max-video-preview:-1\" \/>\n<link rel=\"canonical\" href=\"https:\/\/villa-hammerschmiede.de\/en\/restaurant-reservierung\/\" \/>\n<meta property=\"og:locale\" content=\"en_GB\" \/>\n<meta property=\"og:type\" content=\"article\" \/>\n<meta property=\"og:title\" content=\"Restaurant Reservierung | Hotel Villa Hammerschmiede\" \/>\n<meta property=\"og:description\" content=\"Restaurant-Reservierung anfragen Wir freuen uns Sie mit unseren K\u00f6stlichkeiten verw\u00f6hnen zu d\u00fcrfen. Geben Sie uns Bescheid, wann Sie gerne bei uns speisen w\u00fcrden und wir melden uns bei Ihnen zur\u00fcck.Sie k\u00f6nnen im Kommentarfeld auch gerne noch Extraw\u00fcnsche \u00e4u\u00dfern. Klicken Sie auf den unteren Button, um den Inhalt von module.lafourchette.com zu laden. Inhalt laden hier anfragen\" \/>\n<meta property=\"og:url\" content=\"https:\/\/villa-hammerschmiede.de\/en\/restaurant-reservierung\/\" \/>\n<meta property=\"og:site_name\" content=\"Hotel Villa Hammerschmiede\" \/>\n<meta property=\"article:publisher\" content=\"https:\/\/de-de.facebook.com\/VillaHammerschmiede\" \/>\n<meta property=\"article:modified_time\" content=\"2025-04-15T10:26:56+00:00\" \/>\n<meta name=\"twitter:card\" content=\"summary_large_image\" \/>\n<script type=\"application\/ld+json\" class=\"yoast-schema-graph\">{\"@context\":\"https:\/\/schema.org\",\"@graph\":[{\"@type\":\"WebPage\",\"@id\":\"https:\/\/villa-hammerschmiede.de\/restaurant-reservierung\/\",\"url\":\"https:\/\/villa-hammerschmiede.de\/restaurant-reservierung\/\",\"name\":\"Restaurant Reservierung | Hotel Villa Hammerschmiede\",\"isPartOf\":{\"@id\":\"https:\/\/villa-hammerschmiede.de\/#website\"},\"datePublished\":\"2019-07-25T10:13:35+00:00\",\"dateModified\":\"2025-04-15T10:26:56+00:00\",\"breadcrumb\":{\"@id\":\"https:\/\/villa-hammerschmiede.de\/restaurant-reservierung\/#breadcrumb\"},\"inLanguage\":\"en-GB\",\"potentialAction\":[{\"@type\":\"ReadAction\",\"target\":[\"https:\/\/villa-hammerschmiede.de\/restaurant-reservierung\/\"]}]},{\"@type\":\"BreadcrumbList\",\"@id\":\"https:\/\/villa-hammerschmiede.de\/restaurant-reservierung\/#breadcrumb\",\"itemListElement\":[{\"@type\":\"ListItem\",\"position\":1,\"name\":\"Startseite\",\"item\":\"https:\/\/villa-hammerschmiede.de\/\"},{\"@type\":\"ListItem\",\"position\":2,\"name\":\"Restaurant Reservierung\"}]},{\"@type\":\"WebSite\",\"@id\":\"https:\/\/villa-hammerschmiede.de\/#website\",\"url\":\"https:\/\/villa-hammerschmiede.de\/\",\"name\":\"Villa-Hammerschmiede\",\"description\":\"\",\"potentialAction\":[{\"@type\":\"SearchAction\",\"target\":{\"@type\":\"EntryPoint\",\"urlTemplate\":\"https:\/\/villa-hammerschmiede.de\/?s={search_term_string}\"},\"query-input\":{\"@type\":\"PropertyValueSpecification\",\"valueRequired\":true,\"valueName\":\"search_term_string\"}}],\"inLanguage\":\"en-GB\"}]}<\/script>\n<!-- \/ Yoast SEO plugin. -->","yoast_head_json":{"title":"Restaurant Reservierung | Hotel Villa Hammerschmiede","robots":{"index":"index","follow":"follow","max-snippet":"max-snippet:-1","max-image-preview":"max-image-preview:large","max-video-preview":"max-video-preview:-1"},"canonical":"https:\/\/villa-hammerschmiede.de\/en\/restaurant-reservierung\/","og_locale":"en_GB","og_type":"article","og_title":"Restaurant Reservierung | Hotel Villa Hammerschmiede","og_description":"Restaurant-Reservierung anfragen Wir freuen uns Sie mit unseren K\u00f6stlichkeiten verw\u00f6hnen zu d\u00fcrfen. Geben Sie uns Bescheid, wann Sie gerne bei uns speisen w\u00fcrden und wir melden uns bei Ihnen zur\u00fcck.Sie k\u00f6nnen im Kommentarfeld auch gerne noch Extraw\u00fcnsche \u00e4u\u00dfern. Klicken Sie auf den unteren Button, um den Inhalt von module.lafourchette.com zu laden. Inhalt laden hier anfragen","og_url":"https:\/\/villa-hammerschmiede.de\/en\/restaurant-reservierung\/","og_site_name":"Hotel Villa Hammerschmiede","article_publisher":"https:\/\/de-de.facebook.com\/VillaHammerschmiede","article_modified_time":"2025-04-15T10:26:56+00:00","twitter_card":"summary_large_image","schema":{"@context":"https:\/\/schema.org","@graph":[{"@type":"WebPage","@id":"https:\/\/villa-hammerschmiede.de\/restaurant-reservierung\/","url":"https:\/\/villa-hammerschmiede.de\/restaurant-reservierung\/","name":"Restaurant Reservierung | Hotel Villa Hammerschmiede","isPartOf":{"@id":"https:\/\/villa-hammerschmiede.de\/#website"},"datePublished":"2019-07-25T10:13:35+00:00","dateModified":"2025-04-15T10:26:56+00:00","breadcrumb":{"@id":"https:\/\/villa-hammerschmiede.de\/restaurant-reservierung\/#breadcrumb"},"inLanguage":"en-GB","potentialAction":[{"@type":"ReadAction","target":["https:\/\/villa-hammerschmiede.de\/restaurant-reservierung\/"]}]},{"@type":"BreadcrumbList","@id":"https:\/\/villa-hammerschmiede.de\/restaurant-reservierung\/#breadcrumb","itemListElement":[{"@type":"ListItem","position":1,"name":"Startseite","item":"https:\/\/villa-hammerschmiede.de\/"},{"@type":"ListItem","position":2,"name":"Restaurant Reservierung"}]},{"@type":"WebSite","@id":"https:\/\/villa-hammerschmiede.de\/#website","url":"https:\/\/villa-hammerschmiede.de\/","name":"Villa-Hammerschmiede","description":"","potentialAction":[{"@type":"SearchAction","target":{"@type":"EntryPoint","urlTemplate":"https:\/\/villa-hammerschmiede.de\/?s={search_term_string}"},"query-input":{"@type":"PropertyValueSpecification","valueRequired":true,"valueName":"search_term_string"}}],"inLanguage":"en-GB"}]}},"_links":{"self":[{"href":"https:\/\/villa-hammerschmiede.de\/en\/wp-json\/wp\/v2\/pages\/1004","targetHints":{"allow":["GET"]}}],"collection":[{"href":"https:\/\/villa-hammerschmiede.de\/en\/wp-json\/wp\/v2\/pages"}],"about":[{"href":"https:\/\/villa-hammerschmiede.de\/en\/wp-json\/wp\/v2\/types\/page"}],"author":[{"embeddable":true,"href":"https:\/\/villa-hammerschmiede.de\/en\/wp-json\/wp\/v2\/users\/13"}],"replies":[{"embeddable":true,"href":"https:\/\/villa-hammerschmiede.de\/en\/wp-json\/wp\/v2\/comments?post=1004"}],"version-history":[{"count":18,"href":"https:\/\/villa-hammerschmiede.de\/en\/wp-json\/wp\/v2\/pages\/1004\/revisions"}],"predecessor-version":[{"id":4654,"href":"https:\/\/villa-hammerschmiede.de\/en\/wp-json\/wp\/v2\/pages\/1004\/revisions\/4654"}],"wp:attachment":[{"href":"https:\/\/villa-hammerschmiede.de\/en\/wp-json\/wp\/v2\/media?parent=1004"}],"curies":[{"name":"wp","href":"https:\/\/api.w.org\/{rel}","templated":true}]}}